{"id":2132,"date":"2024-05-27T12:47:44","date_gmt":"2024-05-27T12:47:44","guid":{"rendered":"https:\/\/www.electronicservice.it\/quienes-somos\/"},"modified":"2024-05-27T14:11:17","modified_gmt":"2024-05-27T14:11:17","slug":"quienes-somos","status":"publish","type":"page","link":"https:\/\/www.electronicservice.it\/es\/quienes-somos\/","title":{"rendered":"Quienes somos"},"content":{"rendered":"<div class=\"wpb-content-wrapper\"><p>[vc_row css=\u00bb.vc_custom_1532093827518{margin-bottom: 0px !important;}\u00bb][vc_column css=\u00bb.vc_custom_1532093863160{margin-bottom: 0px !important;}\u00bb][rev_slider_vc alias=\u00bbchi-siamo-11&#8243;][\/vc_column][\/vc_row][vc_row full_width=\u00bbstretch_row\u00bb content_placement=\u00bbmiddle\u00bb css=\u00bb.vc_custom_1539772757397{margin-top: 5% !important;padding-top: 0px !important;padding-bottom: 0px !important;background-position: center !important;background-repeat: no-repeat !important;background-size: cover !important;}\u00bb][vc_column width=\u00bb1\/4&#8243; css_animation=\u00bbfadeInUp\u00bb offset=\u00bbvc_hidden-sm vc_hidden-xs\u00bb][vc_single_image image=\u00bb358&#8243; img_size=\u00bb120&#215;120&#8243; alignment=\u00bbcenter\u00bb][\/vc_column][vc_column width=\u00bb1\/4&#8243; css_animation=\u00bbfadeInUp\u00bb offset=\u00bbvc_hidden-sm vc_hidden-xs\u00bb][vc_single_image image=\u00bb2097&#8243; img_size=\u00bb\u00bb css_animation=\u00bbfadeInUp\u00bb css=\u00bb.vc_custom_1716814280705{padding-left: 30px !important;}\u00bb][\/vc_column][vc_column width=\u00bb1\/2&#8243; css_animation=\u00bbfadeInUp\u00bb offset=\u00bbvc_hidden-sm vc_hidden-xs\u00bb][vc_column_text]Empezamos por lo b\u00e1sico, por los circuitos, y los convertimos en avanzados sistemas electr\u00f3nicos que dan vida a sus productos y aportan a su <strong>empresa una ventaja competitiva<\/strong>. A esto unimos nuestro <strong>coraz\u00f3n<\/strong>, la pasi\u00f3n en lo que hacemos y una <strong>precisi\u00f3n<\/strong> extrema en cada detalle, incluso en los m\u00e1s rec\u00f3nditos. Desde hace m\u00e1s de 25 a\u00f1os creemos en la innovaci\u00f3n y en el valor que la tecnolog\u00eda moderna puede aportar a cualquier contexto profesional.[\/vc_column_text][\/vc_column][\/vc_row][vc_row full_width=\u00bbstretch_row\u00bb content_placement=\u00bbmiddle\u00bb css=\u00bb.vc_custom_1539766777492{margin-top: 0px !important;padding-top: 2% !important;padding-bottom: 3% !important;background-position: center !important;background-repeat: no-repeat !important;background-size: cover !important;}\u00bb][vc_column css_animation=\u00bbfadeInUp\u00bb offset=\u00bbvc_hidden-lg vc_hidden-md\u00bb][vc_column_text]<\/p>\n<h1 class=\"p1\" style=\"text-align: center;\"><span style=\"color: #ffffff;\">Ayer, hoy y ma\u00f1ana.<br \/>\n<\/span><span style=\"color: #f7cd00;\">innovaci\u00f3n prosigue.<\/span><\/h1>\n<p>[\/vc_column_text][vc_column_text]<\/p>\n<p style=\"text-align: center;\">Empezamos por lo b\u00e1sico, por los circuitos, y los convertimos en avanzados sistemas electr\u00f3nicos que dan vida a sus productos y aportan a su <strong>empresa una ventaja competitiva<\/strong>. A esto unimos nuestro <strong>coraz\u00f3n<\/strong>, la pasi\u00f3n en lo que hacemos y una <strong>precisi\u00f3n<\/strong> extrema en cada detalle, incluso en los m\u00e1s rec\u00f3nditos. Desde hace m\u00e1s de 25 a\u00f1os creemos en la innovaci\u00f3n y en el valor que la tecnolog\u00eda moderna puede aportar a cualquier contexto profesional.<\/p>\n<p>[\/vc_column_text][vc_empty_space height=\u00bb40px\u00bb][vc_row_inner content_placement=\u00bbmiddle\u00bb][vc_column_inner width=\u00bb1\/2&#8243; offset=\u00bbvc_hidden-lg vc_hidden-md\u00bb][vc_single_image image=\u00bb358&#8243; img_size=\u00bb120PX\u00bb alignment=\u00bbcenter\u00bb][\/vc_column_inner][vc_column_inner width=\u00bb1\/2&#8243; offset=\u00bbvc_hidden-lg vc_hidden-md\u00bb][vc_single_image image=\u00bb2097&#8243; img_size=\u00bb\u00bb alignment=\u00bbcenter\u00bb][\/vc_column_inner][\/vc_row_inner][\/vc_column][\/vc_row][vc_row full_width=\u00bbstretch_row\u00bb content_placement=\u00bbmiddle\u00bb css=\u00bb.vc_custom_1539772934651{margin-top: 0px !important;margin-right: 0px !important;margin-bottom: 0px !important;margin-left: 0px !important;padding-top: 0px !important;padding-right: 0px !important;padding-bottom: 0px !important;padding-left: 0px !important;background-position: center !important;background-repeat: no-repeat !important;background-size: cover !important;}\u00bb][vc_column css_animation=\u00bbfadeInUp\u00bb css=\u00bb.vc_custom_1539772946388{margin-right: 0px !important;margin-bottom: 0px !important;margin-left: 0px !important;padding-right: 0px !important;padding-bottom: 0px !important;padding-left: 0px !important;}\u00bb][vc_single_image image=\u00bb2087&#8243; img_size=\u00bbfull\u00bb alignment=\u00bbcenter\u00bb css=\u00bb.vc_custom_1716814238289{margin-top: 0px !important;margin-right: 0px !important;margin-bottom: 0px !important;margin-left: 0px !important;padding-top: 0px !important;padding-right: 0px !important;padding-bottom: 0px !important;padding-left: 0px !important;}\u00bb][\/vc_column][\/vc_row][vc_row full_width=\u00bbstretch_row\u00bb content_placement=\u00bbmiddle\u00bb css=\u00bb.vc_custom_1537347562662{margin-top: 6% !important;padding-top: 5% !important;padding-bottom: 8% !important;background-color: #00253e !important;background-position: 0 0 !important;background-repeat: no-repeat !important;}\u00bb][vc_column css_animation=\u00bbfadeInUp\u00bb][vc_column_text]<\/p>\n<h1 class=\"p1\" style=\"text-align: center;\"><span style=\"color: #ffffff;\">Ayer, hoy y ma\u00f1ana.<br \/>\n<\/span><span style=\"color: #f7cd00;\">innovaci\u00f3n prosigue.<\/span><\/h1>\n<p>[\/vc_column_text][vc_column_text]<\/p>\n<p class=\"p1\" style=\"text-align: center;\"><span style=\"color: #ffffff;\">Empezamos en 1992 y desde el primer d\u00eda hemos puesto energ\u00eda, dedicaci\u00f3n y pasi\u00f3n. Lo intentamos, a veces no sali\u00f3 todo bien, lo volvimos a intentar, crecimos y mejoramos. Hoy, despu\u00e9s de m\u00e1s de 25 a\u00f1os de experiencia, tenemos las mismas ganas de hacer las cosas bien y de innovar, de dar lo mejor de nosotros mismos, de ofrecer lo mejor.<br \/>\n<\/span><\/p>\n<p>[\/vc_column_text][vc_empty_space height=\u00bb40px\u00bb][vc_row_inner][vc_column_inner width=\u00bb1\/2&#8243;][vc_single_image image=\u00bb646&#8243; img_size=\u00bbfull\u00bb alignment=\u00bbcenter\u00bb][\/vc_column_inner][vc_column_inner width=\u00bb1\/2&#8243;][vc_single_image image=\u00bb83&#8243; img_size=\u00bbfull\u00bb alignment=\u00bbcenter\u00bb][\/vc_column_inner][\/vc_row_inner][\/vc_column][\/vc_row][vc_row full_width=\u00bbstretch_row\u00bb css=\u00bb.vc_custom_1539155032782{padding-top: 6% !important;padding-bottom: 80% !important;background-image: url(http:\/\/www.electronicservice.it\/wp-content\/uploads\/2018\/10\/Garda-Lake2.jpg?id=500) !important;background-position: center !important;background-repeat: no-repeat !important;background-size: cover !important;}\u00bb][vc_column css_animation=\u00bbfadeInUp\u00bb][vc_column_text]<\/p>\n<h1 class=\"p1\" style=\"text-align: center;\"><span style=\"color: #ffffff;\"><b>El Trentino y el Lago de Garda: la belleza que nos inspira cada d\u00eda.<br \/>\n<\/b><\/span><\/h1>\n<p>[\/vc_column_text][vc_column_text css=\u00bb.vc_custom_1534493365300{padding-right: 8% !important;padding-left: 8% !important;}\u00bb]<\/p>\n<p class=\"p1\" style=\"text-align: center;\"><span style=\"color: #ffffff;\">No s\u00f3lo pensamos en la tecnolog\u00eda para hacer bien nuestro trabajo, nos gusta dejarnos influir por lo que nos rodea. Y lo hacemos con el agua turquesa, el viento ligero y las monta\u00f1as del Trentino, que nos dan, cada vez, nuevas energ\u00edas.<br \/>\n<\/span><\/p>\n<p>[\/vc_column_text][\/vc_column][\/vc_row][vc_row full_width=\u00bbstretch_row\u00bb content_placement=\u00bbmiddle\u00bb css=\u00bb.vc_custom_1532097712892{padding-top: 10px !important;padding-bottom: 30px !important;background-color: #f7cd00 !important;}\u00bb][vc_column width=\u00bb2\/3&#8243; css_animation=\u00bbfadeInLeft\u00bb offset=\u00bbvc_hidden-sm vc_hidden-xs\u00bb][vc_column_text]<\/p>\n<h2 class=\"p1\"><span style=\"color: #ffffff;\"><b>Desarrolle su sistema electr\u00f3nico con nosotros<br \/>\n<\/b><\/span><\/h2>\n<p>[\/vc_column_text][\/vc_column][vc_column width=\u00bb1\/3&#8243; css_animation=\u00bbfadeInRight\u00bb offset=\u00bbvc_hidden-sm vc_hidden-xs\u00bb][vc_btn title=\u00bbPedir una cotizaci\u00f3n\u00bb style=\u00bbcustom\u00bb custom_background=\u00bb#00253e\u00bb custom_text=\u00bb#ffffff\u00bb size=\u00bblg\u00bb link=\u00bburl:http%3A%2F%2Fwww.electronicservice.it%2Fquotazione%2F|\u00bb][\/vc_column][\/vc_row][vc_row full_width=\u00bbstretch_row\u00bb content_placement=\u00bbmiddle\u00bb css=\u00bb.vc_custom_1539766361437{padding-bottom: 40px !important;background-color: #f7cd00 !important;}\u00bb][vc_column css_animation=\u00bbfadeInLeft\u00bb offset=\u00bbvc_hidden-lg vc_hidden-md\u00bb][vc_column_text]<\/p>\n<h2 class=\"p1\" style=\"text-align: center;\"><span style=\"color: #ffffff;\"><b>Desarrolle su sistema electr\u00f3nico con nosotros<br \/>\n<\/b><\/span><\/h2>\n<p>[\/vc_column_text][vc_btn title=\u00bbPedir una cotizaci\u00f3n\u00bb style=\u00bbcustom\u00bb custom_background=\u00bb#00253e\u00bb custom_text=\u00bb#ffffff\u00bb size=\u00bblg\u00bb align=\u00bbcenter\u00bb link=\u00bburl:http%3A%2F%2Fwww.electronicservice.it%2Fquotazione%2F|\u00bb][\/vc_column][\/vc_row][vc_row full_width=\u00bbstretch_row\u00bb css=\u00bb.vc_custom_1532356486933{padding-top: 4% !important;padding-bottom: 6% !important;background-image: url(http:\/\/www.electronicservice.it\/wp-content\/uploads\/2018\/07\/sfondocontact_scuro.jpg?id=94) !important;background-position: center !important;background-repeat: no-repeat !important;background-size: cover !important;}\u00bb][vc_column css_animation=\u00bbfadeInUp\u00bb offset=\u00bbvc_hidden-sm vc_hidden-xs\u00bb][vc_row_inner][vc_column_inner width=\u00bb1\/4&#8243;][\/vc_column_inner][vc_column_inner el_class=\u00bbfooter\u00bb width=\u00bb1\/2&#8243; css=\u00bb.vc_custom_1532336846984{padding-right: 40px !important;padding-left: 40px !important;background-color: #ffffff !important;}\u00bb][vc_column_text]<\/p>\n<h1 class=\"p1\" style=\"text-align: center;\">\u00bfNECESITA AYUDA?<\/h1>\n<p>[\/vc_column_text][vc_column_text]<\/p>\n<p class=\"p1\" style=\"text-align: center;\">Si tiene alguna petici\u00f3n o pregunta que hacernos, escr\u00edbanos y nos pondremos en contacto con usted lo antes posible.<\/p>\n<p>[\/vc_column_text][vc_empty_space height=\u00bb20px\u00bb]\n<div class=\"wpcf7 no-js\" id=\"wpcf7-f2110-o1\" lang=\"it-IT\" dir=\"ltr\" data-wpcf7-id=\"2110\">\n<div class=\"screen-reader-response\"><p role=\"status\" aria-live=\"polite\" aria-atomic=\"true\"><\/p> <ul><\/ul><\/div>\n<form action=\"\/es\/wp-json\/wp\/v2\/pages\/2132#wpcf7-f2110-o1\" method=\"post\" class=\"wpcf7-form init\" aria-label=\"Modulo di contatto\" novalidate=\"novalidate\" data-status=\"init\">\n<fieldset class=\"hidden-fields-container\"><legend class=\"screen-reader-text\">Hidden fields<\/legend><input type=\"hidden\" name=\"_wpcf7\" value=\"2110\" \/><input type=\"hidden\" name=\"_wpcf7_version\" value=\"6.1.5\" \/><input type=\"hidden\" name=\"_wpcf7_locale\" value=\"it_IT\" \/><input type=\"hidden\" name=\"_wpcf7_unit_tag\" value=\"wpcf7-f2110-o1\" \/><input type=\"hidden\" name=\"_wpcf7_container_post\" value=\"0\" \/><input type=\"hidden\" name=\"_wpcf7_posted_data_hash\" value=\"\" \/><input type=\"hidden\" name=\"_wpcf7_recaptcha_response\" value=\"\" \/>\n<\/fieldset>\n<span class=\"wpcf7-form-control-wrap\" data-name=\"your-name\"><input size=\"40\" maxlength=\"400\" class=\"wpcf7-form-control wpcf7-text wpcf7-validates-as-required\" aria-required=\"true\" aria-invalid=\"false\" placeholder=\"Nombre\" value=\"\" type=\"text\" name=\"your-name\" \/><\/span>\n\n<span class=\"wpcf7-form-control-wrap\" data-name=\"your-mail\"><input size=\"40\" maxlength=\"400\" class=\"wpcf7-form-control wpcf7-text wpcf7-validates-as-required\" aria-required=\"true\" aria-invalid=\"false\" placeholder=\"Mail\" value=\"\" type=\"text\" name=\"your-mail\" \/><\/span>\n\n<span class=\"wpcf7-form-control-wrap\" data-name=\"your-message\"><textarea cols=\"40\" rows=\"10\" maxlength=\"2000\" class=\"wpcf7-form-control wpcf7-textarea\" aria-invalid=\"false\" placeholder=\"\u00bfEn qu\u00e9 podemos ayudarle?\" name=\"your-message\"><\/textarea><\/span>\n\n<span class=\"wpcf7-form-control-wrap\" data-name=\"acceptance-862\"><span class=\"wpcf7-form-control wpcf7-acceptance\"><span class=\"wpcf7-list-item\"><label><input type=\"checkbox\" name=\"acceptance-862\" value=\"1\" aria-invalid=\"false\" \/><span class=\"wpcf7-list-item-label\">Consiento el tratamiento de mis datos personales. <a href=\"http:\/\/www.electronicservice.it\/wp-content\/uploads\/2018\/11\/informativa-web-contatti.pdf\" target=\"_blank\">Lea la pol\u00edtica de privacidad<\/a><\/span><\/label><\/span><\/span><\/span>\n\n<input class=\"wpcf7-form-control wpcf7-submit has-spinner\" type=\"submit\" value=\"Enviar\" \/>\n\n<span id=\"wpcf7-69ea6b1a1b33a-wrapper\" class=\"wpcf7-form-control-wrap your-email-2-wrap\" ><label for=\"wpcf7-69ea6b1a1b33a-field\" class=\"hp-message\">Si prega di lasciare vuoto questo campo.<\/label><input id=\"wpcf7-69ea6b1a1b33a-field\"  class=\"wpcf7-form-control wpcf7-text\" type=\"text\" name=\"your-email-2\" value=\"\" size=\"40\" tabindex=\"-1\" autocomplete=\"new-password\" \/><\/span><div class=\"wpcf7-response-output\" aria-hidden=\"true\"><\/div>\n<\/form>\n<\/div>\n[\/vc_column_inner][vc_column_inner width=\u00bb1\/4&#8243;][\/vc_column_inner][\/vc_row_inner][\/vc_column][\/vc_row][vc_row full_width=\u00bbstretch_row\u00bb css=\u00bb.vc_custom_1542978488715{background-position: center !important;background-repeat: no-repeat !important;background-size: cover !important;}\u00bb][vc_column css_animation=\u00bbfadeInUp\u00bb offset=\u00bbvc_hidden-lg vc_hidden-md\u00bb][vc_row_inner][vc_column_inner width=\u00bb1\/4&#8243;][\/vc_column_inner][vc_column_inner el_class=\u00bbfooter\u00bb width=\u00bb1\/2&#8243; css=\u00bb.vc_custom_1532336846984{padding-right: 40px !important;padding-left: 40px !important;background-color: #ffffff !important;}\u00bb][vc_column_text]<\/p>\n<h1 class=\"p1\" style=\"text-align: center;\">\u00bfNECESITA AYUDA?<\/h1>\n<p>[\/vc_column_text][vc_column_text]<\/p>\n<p class=\"p1\" style=\"text-align: center;\">Si tiene alguna petici\u00f3n o pregunta que hacernos, escr\u00edbanos y nos pondremos en contacto con usted lo antes posible.<\/p>\n<p>[\/vc_column_text][vc_empty_space height=\u00bb20px\u00bb]\n<div class=\"wpcf7 no-js\" id=\"wpcf7-f2110-o2\" lang=\"it-IT\" dir=\"ltr\" data-wpcf7-id=\"2110\">\n<div class=\"screen-reader-response\"><p role=\"status\" aria-live=\"polite\" aria-atomic=\"true\"><\/p> <ul><\/ul><\/div>\n<form action=\"\/es\/wp-json\/wp\/v2\/pages\/2132#wpcf7-f2110-o2\" method=\"post\" class=\"wpcf7-form init\" aria-label=\"Modulo di contatto\" novalidate=\"novalidate\" data-status=\"init\">\n<fieldset class=\"hidden-fields-container\"><legend class=\"screen-reader-text\">Hidden fields<\/legend><input type=\"hidden\" name=\"_wpcf7\" value=\"2110\" \/><input type=\"hidden\" name=\"_wpcf7_version\" value=\"6.1.5\" \/><input type=\"hidden\" name=\"_wpcf7_locale\" value=\"it_IT\" \/><input type=\"hidden\" name=\"_wpcf7_unit_tag\" value=\"wpcf7-f2110-o2\" \/><input type=\"hidden\" name=\"_wpcf7_container_post\" value=\"0\" \/><input type=\"hidden\" name=\"_wpcf7_posted_data_hash\" value=\"\" \/><input type=\"hidden\" name=\"_wpcf7_recaptcha_response\" value=\"\" \/>\n<\/fieldset>\n<span class=\"wpcf7-form-control-wrap\" data-name=\"your-name\"><input size=\"40\" maxlength=\"400\" class=\"wpcf7-form-control wpcf7-text wpcf7-validates-as-required\" aria-required=\"true\" aria-invalid=\"false\" placeholder=\"Nombre\" value=\"\" type=\"text\" name=\"your-name\" \/><\/span>\n\n<span class=\"wpcf7-form-control-wrap\" data-name=\"your-mail\"><input size=\"40\" maxlength=\"400\" class=\"wpcf7-form-control wpcf7-text wpcf7-validates-as-required\" aria-required=\"true\" aria-invalid=\"false\" placeholder=\"Mail\" value=\"\" type=\"text\" name=\"your-mail\" \/><\/span>\n\n<span class=\"wpcf7-form-control-wrap\" data-name=\"your-message\"><textarea cols=\"40\" rows=\"10\" maxlength=\"2000\" class=\"wpcf7-form-control wpcf7-textarea\" aria-invalid=\"false\" placeholder=\"\u00bfEn qu\u00e9 podemos ayudarle?\" name=\"your-message\"><\/textarea><\/span>\n\n<span class=\"wpcf7-form-control-wrap\" data-name=\"acceptance-862\"><span class=\"wpcf7-form-control wpcf7-acceptance\"><span class=\"wpcf7-list-item\"><label><input type=\"checkbox\" name=\"acceptance-862\" value=\"1\" aria-invalid=\"false\" \/><span class=\"wpcf7-list-item-label\">Consiento el tratamiento de mis datos personales. <a href=\"http:\/\/www.electronicservice.it\/wp-content\/uploads\/2018\/11\/informativa-web-contatti.pdf\" target=\"_blank\">Lea la pol\u00edtica de privacidad<\/a><\/span><\/label><\/span><\/span><\/span>\n\n<input class=\"wpcf7-form-control wpcf7-submit has-spinner\" type=\"submit\" value=\"Enviar\" \/>\n\n<span id=\"wpcf7-69ea6b1a222f0-wrapper\" class=\"wpcf7-form-control-wrap your-email-2-wrap\" ><label for=\"wpcf7-69ea6b1a222f0-field\" class=\"hp-message\">Si prega di lasciare vuoto questo campo.<\/label><input id=\"wpcf7-69ea6b1a222f0-field\"  class=\"wpcf7-form-control wpcf7-text\" type=\"text\" name=\"your-email-2\" value=\"\" size=\"40\" tabindex=\"-1\" autocomplete=\"new-password\" \/><\/span><div class=\"wpcf7-response-output\" aria-hidden=\"true\"><\/div>\n<\/form>\n<\/div>\n[\/vc_column_inner][vc_column_inner width=\u00bb1\/4&#8243;][\/vc_column_inner][\/vc_row_inner][\/vc_column][\/vc_row]<\/p>\n<\/div>","protected":false},"excerpt":{"rendered":"<p>[vc_row css=\u00bb.vc_custom_1532093827518{margin-bottom: 0px !important;}\u00bb][vc_column css=\u00bb.vc_custom_1532093863160{margin-bottom: 0px !important;}\u00bb][rev_slider_vc alias=\u00bbchi-siamo-11&#8243;][\/vc_column][\/vc_row][vc_row full_width=\u00bbstretch_row\u00bb content_placement=\u00bbmiddle\u00bb css=\u00bb.vc_custom_1539772757397{margin-top: 5% !important;padding-top: 0px !important;padding-bottom: 0px !important;background-position: center !important;background-repeat: no-repeat&#8230;<\/p>\n","protected":false},"author":1,"featured_media":0,"parent":0,"menu_order":0,"comment_status":"closed","ping_status":"closed","template":"","meta":{"footnotes":""},"class_list":["post-2132","page","type-page","status-publish"],"jetpack_sharing_enabled":true,"_links":{"self":[{"href":"https:\/\/www.electronicservice.it\/es\/wp-json\/wp\/v2\/pages\/2132","targetHints":{"allow":["GET"]}}],"collection":[{"href":"https:\/\/www.electronicservice.it\/es\/wp-json\/wp\/v2\/pages"}],"about":[{"href":"https:\/\/www.electronicservice.it\/es\/wp-json\/wp\/v2\/types\/page"}],"author":[{"embeddable":true,"href":"https:\/\/www.electronicservice.it\/es\/wp-json\/wp\/v2\/users\/1"}],"replies":[{"embeddable":true,"href":"https:\/\/www.electronicservice.it\/es\/wp-json\/wp\/v2\/comments?post=2132"}],"version-history":[{"count":7,"href":"https:\/\/www.electronicservice.it\/es\/wp-json\/wp\/v2\/pages\/2132\/revisions"}],"predecessor-version":[{"id":2157,"href":"https:\/\/www.electronicservice.it\/es\/wp-json\/wp\/v2\/pages\/2132\/revisions\/2157"}],"wp:attachment":[{"href":"https:\/\/www.electronicservice.it\/es\/wp-json\/wp\/v2\/media?parent=2132"}],"curies":[{"name":"wp","href":"https:\/\/api.w.org\/{rel}","templated":true}]}}