{"id":2119,"date":"2024-05-27T09:49:47","date_gmt":"2024-05-27T09:49:47","guid":{"rendered":"https:\/\/www.electronicservice.it\/politica-de-la-calidad\/"},"modified":"2026-01-22T08:01:04","modified_gmt":"2026-01-22T08:01:04","slug":"politica-de-la-calidad","status":"publish","type":"page","link":"https:\/\/www.electronicservice.it\/es\/politica-de-la-calidad\/","title":{"rendered":"Pol\u00edtica de la calidad"},"content":{"rendered":"<div class=\"wpb-content-wrapper\"><p>[vc_row gap=\u00bb35&#8243; css=\u00bb.vc_custom_1551872503762{margin-top: 3% !important;margin-bottom: 2% !important;}\u00bb][vc_column width=\u00bb1\/3&#8243; css_animation=\u00bbfadeInRight\u00bb][vc_single_image image=\u00bb2121&#8243; img_size=\u00bbfull\u00bb][\/vc_column][vc_column width=\u00bb2\/3&#8243;][vc_column_text]<\/p>\n<h1>Pol\u00edtica de la calidad<\/h1>\n<p>[\/vc_column_text][vc_empty_space][vc_column_text]<\/p>\n<p class=\"p1\"><strong>Electronic Service Srl,<\/strong> empresa especializada en el <em><strong><b>\u201c<\/b>dise\u00f1o, producci\u00f3n, montaje y ensayo de circuitos y equipamiento electr\u00f3nico, as\u00ed como en la producci\u00f3n, montaje y prueba de cuadros el\u00e9ctricos de comando y control, cables y cableado seg\u00fan las especificaciones del cliente<b>\u201d<\/b><\/strong><\/em>, tiene su sede en Riva del Garda (Tn).<\/p>\n<p>En la empresa, junto a las oficinas administrativas, operan tres l\u00edneas de producci\u00f3n: una de ellas dedicada a la producci\u00f3n y montaje de circuitos y equipamiento electr\u00f3nico con tecnolog\u00edas tradicionales y SMD, otra a la producci\u00f3n de cuadros el\u00e9ctricos y otra a la producci\u00f3n de conexiones y cables para cableado. Los productos de Electronic Service Srl se destinan al mercado nacional y al internacional.<\/p>\n<p>[\/vc_column_text][vc_column_text]<\/p>\n<div class=\"wpb_text_column wpb_content_element \">\n<div class=\"wpb_wrapper\">\n<p class=\"p1\">La Direcci\u00f3n, que siempre ha estado orientada a mantener y mejorar los niveles de calidad de sus productos y servicios y la satisfacci\u00f3n de sus clientes, tiene un Sistema de Gesti\u00f3n de la Calidad conforme a la norma ISO 9001, mediante el cual:<\/p>\n<\/div>\n<\/div>\n<p>[\/vc_column_text][vc_column_text]<\/p>\n<div class=\"wpb_text_column wpb_content_element \">\n<div class=\"wpb_wrapper\">\n<p class=\"p1\">\u2022 prev\u00e9 el an\u00e1lisis del contexto interno y externo y la identificaci\u00f3n de las necesidades y expectativas de las partes interesadas, incluidos en particular los clientes, los proveedores, los colaboradores y la comunidad local;<\/p>\n<p class=\"p1\">\u2022 determina los posibles riesgos y oportunidades que deben afrontarse para obtener y mantener los resultados previstos;<\/p>\n<p class=\"p1\">\u2022identifica y respeta los acuerdos contractuales y los requisitos legales vigentes;<\/p>\n<p class=\"p1\">\u2022 persigue la mejora permanente de sus productos, servicios y procesos internos. Est\u00e1 comprometida con la b\u00fasqueda continua de nuevas tecnolog\u00edas y con el mantenimiento\/desarrollo de las competencias de su personal;<\/p>\n<p class=\"p1\">\u2022 sostiene y difunde una cultura empresarial orientada a la calidad. Todos los colaboradores son conscientes de la importancia de satisfacer al cliente, cumplir los requisitos de calidad de los productos y servicios y el resultado establecido para todos;<\/p>\n<p class=\"p1\">\u2022 supervisa constantemente la conformidad de los productos y servicios comprados, as\u00ed como de los procesos subcontratados, con los requisitos establecidos y las normas de calidad previstas;<\/p>\n<p class=\"p1\">\u2022 realiza una verificaci\u00f3n puntual de los productos acabados para garantizar la ausencia de defectos y el cumplimiento de los requisitos convenidos con el cliente;<\/p>\n<p class=\"p1\">\u2022 asegura la puntualidad de las entregas y el servicio posventa al cliente, necesario para responder r\u00e1pidamente a las solicitudes relativas a la calidad y las prestaciones de los productos suministrados.<\/p>\n<\/div>\n<\/div>\n<p>[\/vc_column_text][vc_column_text]<\/p>\n<div class=\"wpb_text_column wpb_content_element \">\n<div class=\"wpb_wrapper\">\n<p class=\"p1\">La Direcci\u00f3n entiende que la aplicaci\u00f3n eficaz del Sistema de Gesti\u00f3n de la Calidad es responsabilidad de toda la organizaci\u00f3n y hace un llamado a todo el personal, en todos los niveles y grados, a respetar esta Pol\u00edtica y las disposiciones contenidas en los documentos del Sistema de Gesti\u00f3n de la Calidad, en el \u00e1mbito de su competencia y responsabilidad.<\/p>\n<p>&nbsp;<\/p>\n<p class=\"p1\"><strong><em>Riva del Garda 21 noviembre 2022<br \/>\n<\/em><\/strong><\/p>\n<\/div>\n<\/div>\n<p>[\/vc_column_text][vc_row_inner][vc_column_inner width=\u00bb2\/3&#8243;][\/vc_column_inner][vc_column_inner width=\u00bb1\/3&#8243;][vc_column_text css=\u00bb\u00bb]<\/p>\n<h4><a href=\"http:\/\/www.electronicservice.it\/wp-content\/uploads\/2026\/01\/ISO_9001-ENG-17314-2007-AQ-ITA-SINCERT-7-20251111.pdf\" target=\"_blank\" rel=\"noopener noreferrer\"><img class=\"alignnone size-full wp-image-503\" src=\"http:\/\/www.electronicservice.it\/wp-content\/uploads\/2018\/10\/pdf.png\" alt=\"\" width=\"35\" height=\"48\" \/> Certificados ISO<\/a><\/h4>\n<p>[\/vc_column_text][\/vc_column_inner][\/vc_row_inner][\/vc_column][\/vc_row]<\/p>\n<\/div>","protected":false},"excerpt":{"rendered":"<p>[vc_row gap=\u00bb35&#8243; css=\u00bb.vc_custom_1551872503762{margin-top: 3% !important;margin-bottom: 2% !important;}\u00bb][vc_column width=\u00bb1\/3&#8243; css_animation=\u00bbfadeInRight\u00bb][vc_single_image image=\u00bb2121&#8243; img_size=\u00bbfull\u00bb][\/vc_column][vc_column width=\u00bb2\/3&#8243;][vc_column_text] Pol\u00edtica de la calidad [\/vc_column_text][vc_empty_space][vc_column_text] Electronic Service Srl,&#8230;<\/p>\n","protected":false},"author":1,"featured_media":0,"parent":0,"menu_order":0,"comment_status":"closed","ping_status":"closed","template":"","meta":{"footnotes":""},"class_list":["post-2119","page","type-page","status-publish"],"jetpack_sharing_enabled":true,"_links":{"self":[{"href":"https:\/\/www.electronicservice.it\/es\/wp-json\/wp\/v2\/pages\/2119","targetHints":{"allow":["GET"]}}],"collection":[{"href":"https:\/\/www.electronicservice.it\/es\/wp-json\/wp\/v2\/pages"}],"about":[{"href":"https:\/\/www.electronicservice.it\/es\/wp-json\/wp\/v2\/types\/page"}],"author":[{"embeddable":true,"href":"https:\/\/www.electronicservice.it\/es\/wp-json\/wp\/v2\/users\/1"}],"replies":[{"embeddable":true,"href":"https:\/\/www.electronicservice.it\/es\/wp-json\/wp\/v2\/comments?post=2119"}],"version-history":[{"count":5,"href":"https:\/\/www.electronicservice.it\/es\/wp-json\/wp\/v2\/pages\/2119\/revisions"}],"predecessor-version":[{"id":2229,"href":"https:\/\/www.electronicservice.it\/es\/wp-json\/wp\/v2\/pages\/2119\/revisions\/2229"}],"wp:attachment":[{"href":"https:\/\/www.electronicservice.it\/es\/wp-json\/wp\/v2\/media?parent=2119"}],"curies":[{"name":"wp","href":"https:\/\/api.w.org\/{rel}","templated":true}]}}