{"id":860,"date":"2019-02-27T09:45:00","date_gmt":"2019-02-27T09:45:00","guid":{"rendered":"https:\/\/www.electronicservice.it\/?page_id=860"},"modified":"2026-01-22T07:59:52","modified_gmt":"2026-01-22T07:59:52","slug":"quality-policy","status":"publish","type":"page","link":"https:\/\/www.electronicservice.it\/de\/quality-policy\/","title":{"rendered":"Qualit\u00e4tspolitik"},"content":{"rendered":"<div class=\"wpb-content-wrapper\"><p>[vc_row gap=&#8220;35&#8243; css=&#8220;.vc_custom_1551872192989{margin-top: 3% !important;margin-bottom: 2% !important;}&#8220;][vc_column width=&#8220;1\/3&#8243; css_animation=&#8220;fadeInRight&#8220;][vc_single_image image=&#8220;926&#8243; img_size=&#8220;full&#8220;][\/vc_column][vc_column width=&#8220;2\/3&#8243;][vc_column_text]<\/p>\n<h1>Qualit\u00e4tspolitik<\/h1>\n<p>[\/vc_column_text][vc_empty_space][vc_column_text]<\/p>\n<div class=\"wpb_text_column wpb_content_element \">\n<div class=\"wpb_wrapper\">\n<p class=\"p1\"><span class=\"s1\">Electronic Service Srl., spezialisiert auf Design, Herstellung, Konstruktion sowie Gro\u00dfhandelns- und Einzelhandelsmarketing, im eigenen Namen oder im Auftrag Dritter, von elektrischen und elektromechanischen Bauteilen und Zubeh\u00f6ren, die nach eigenes oder Kundenprojekt hergestellt sind, ist in Riva del Garda (TN) ans\u00e4ssig.<\/span><\/p>\n<p class=\"p1\"><span class=\"s1\">Am Sitz in via Maso Belli 10\/A, neben den Verwaltungsb\u00fcros, sind drei Produktionslinien aktiv: eine f\u00fcr die Herstellung und Zusammenbau von Karten und elektronischen Ger\u00e4ten mit traditionellen Technologien und SMD, eine f\u00fcr die Herstellung von Verteilerkasten und die letzte f\u00fcr die Herstellung von Verbindungen und Kabelverbindungen. Die von Electronic Service Srl.\u2019s Produkte sind f\u00fcr den nationalen und internationalen Markt bestimmt.<\/span><\/p>\n<p class=\"p1\"><span class=\"s1\">Die Unternehmensleistung, die sich seit jeher f\u00fcr die Beibehaltung und Verbesserung der Qualit\u00e4tsstandards Ihrer Produkten und Dienstleistungen sowie die Zufriedenheit Ihrer Kunden einsetzt, unterh\u00e4lt ein Qualit\u00e4tsmanagementsystem nach der Norm ISO 9001, durch welches:<\/span><\/p>\n<ul class=\"ul1\">\n<li class=\"li1\"><span class=\"s1\">erm\u00f6glicht die Analyse des internen und externen Kontexts sowie die Ermittlung der Bed\u00fcrfnisse und Erwartungen der Stakeholder, darunter insbesondere die Kunden, die Lieferanten, Ihre Mitarbeiter und die lokale Gemeinschaft;<\/span><\/li>\n<li class=\"li1\"><span class=\"s1\">bestimmt Risiken und Chancen, die angegangen werden m\u00fcssen, um die erwarteten Ergebnisse zu erreichen und beizubehalten; identifiziert und respektiert die geltenden gesetzlichen Anforderungen und die vertraglichen Vereinbarungen;<\/span><\/li>\n<li class=\"li1\"><span class=\"s1\">verfolgt die st\u00e4ndige Verbesserung Ihrer Produkte, internen Dienstleistungen und Prozesse; besch\u00e4ftigt sich st\u00e4ndig mit der Forschung neuer Technologien, mit Erhalt und St\u00e4rkung der F\u00e4higkeiten Ihrer Mitarbeiter;<\/span><\/li>\n<li class=\"li1\"><span class=\"s1\">unterst\u00fctzt und verbreitet eine qualit\u00e4tsorientierte Unternehmenskultur. Alle Mitarbeiter werden darauf aufmerksam gemacht, wie wichtig ist, den Kunden zufrieden zu stellen, den Qualit\u00e4tsanforderungen der Produkte und Dienstleistungen zu entsprechen und die f\u00fcr alle Prozesse festgelegte Leistung zu respektieren;<\/span><\/li>\n<li class=\"li1\"><span class=\"s1\">\u00fcberwacht laufend die Konformit\u00e4t der genehmigten Waren und Dienstleistungen sowie der ausgelagerten Prozesse hinsichtlich der festgelegten Anforderungen und erwarteten Qualit\u00e4tsstandards;<\/span><\/li>\n<li class=\"li1\"><span class=\"s1\">f\u00fchrt eine genaue Kontrolle der Endprodukte durch, um die M\u00e4ngelfreiheit und die Einhaltung der mit dem Kunden vereinbarten Anforderungen zu gew\u00e4hrleisten;<\/span><\/li>\n<li class=\"li1\"><span class=\"s1\">sorgt f\u00fcr p\u00fcnktliche Lieferungen und Kundendienst, um schnell auf Anfragen bez\u00fcglich Qualit\u00e4t und Leistung der gelieferten Produkte zu reagieren;<\/span><\/li>\n<\/ul>\n<p class=\"p2\"><span class=\"s1\">Die Unternehmensleitung<\/span> <span class=\"s1\">betrachtet die effektive Anwendung des Qualit\u00e4tsmanagementsystems als Verantwortung der gesamten Organisation und ruft das gesamte Personal aller Stufe und Grade zur Einhaltung dieser Richtlinie und der Bestimmungen in den Dokumenten des Qualit\u00e4tsmanagementsystems auf, im Rahmen seiner Zust\u00e4ndigkeiten.<\/span><\/p>\n<\/div>\n<\/div>\n<p>[\/vc_column_text][vc_column_text]<\/p>\n<div class=\"wpb_text_column wpb_content_element \">\n<div class=\"wpb_wrapper\">\n<p class=\"p1\"><strong><span class=\"s1\">Riva del Garda, den 31. Mai 2018<\/span><\/strong><\/p>\n<\/div>\n<\/div>\n<p>[\/vc_column_text][vc_row_inner][vc_column_inner width=&#8220;2\/3&#8243;][\/vc_column_inner][vc_column_inner width=&#8220;1\/3&#8243;][vc_column_text css=&#8220;&#8220;]<\/p>\n<h4><a href=\"http:\/\/www.electronicservice.it\/wp-content\/uploads\/2026\/01\/ISO_9001-ENG-17314-2007-AQ-ITA-SINCERT-7-20251111.pdf\" target=\"_blank\" rel=\"noopener noreferrer\"><img class=\"alignnone size-full wp-image-503\" src=\"http:\/\/www.electronicservice.it\/wp-content\/uploads\/2018\/10\/pdf.png\" alt=\"\" width=\"35\" height=\"48\" \/> ISO-Zertifizierung<\/a><\/h4>\n<p>[\/vc_column_text][\/vc_column_inner][\/vc_row_inner][\/vc_column][\/vc_row]<\/p>\n<\/div>","protected":false},"excerpt":{"rendered":"<p>[vc_row gap=&#8220;35&#8243; css=&#8220;.vc_custom_1551872192989{margin-top: 3% !important;margin-bottom: 2% !important;}&#8220;][vc_column width=&#8220;1\/3&#8243; css_animation=&#8220;fadeInRight&#8220;][vc_single_image image=&#8220;926&#8243; img_size=&#8220;full&#8220;][\/vc_column][vc_column width=&#8220;2\/3&#8243;][vc_column_text] Qualit\u00e4tspolitik [\/vc_column_text][vc_empty_space][vc_column_text] Electronic Service Srl., spezialisiert auf Design,&#8230;<\/p>\n","protected":false},"author":1,"featured_media":0,"parent":0,"menu_order":0,"comment_status":"closed","ping_status":"closed","template":"","meta":{"footnotes":""},"class_list":["post-860","page","type-page","status-publish"],"jetpack_sharing_enabled":true,"_links":{"self":[{"href":"https:\/\/www.electronicservice.it\/de\/wp-json\/wp\/v2\/pages\/860","targetHints":{"allow":["GET"]}}],"collection":[{"href":"https:\/\/www.electronicservice.it\/de\/wp-json\/wp\/v2\/pages"}],"about":[{"href":"https:\/\/www.electronicservice.it\/de\/wp-json\/wp\/v2\/types\/page"}],"author":[{"embeddable":true,"href":"https:\/\/www.electronicservice.it\/de\/wp-json\/wp\/v2\/users\/1"}],"replies":[{"embeddable":true,"href":"https:\/\/www.electronicservice.it\/de\/wp-json\/wp\/v2\/comments?post=860"}],"version-history":[{"count":12,"href":"https:\/\/www.electronicservice.it\/de\/wp-json\/wp\/v2\/pages\/860\/revisions"}],"predecessor-version":[{"id":2227,"href":"https:\/\/www.electronicservice.it\/de\/wp-json\/wp\/v2\/pages\/860\/revisions\/2227"}],"wp:attachment":[{"href":"https:\/\/www.electronicservice.it\/de\/wp-json\/wp\/v2\/media?parent=860"}],"curies":[{"name":"wp","href":"https:\/\/api.w.org\/{rel}","templated":true}]}}