{"id":769,"date":"2018-07-23T12:36:42","date_gmt":"2018-07-23T12:36:42","guid":{"rendered":"https:\/\/www.electronicservice.it\/chisiamo\/"},"modified":"2024-07-01T15:07:51","modified_gmt":"2024-07-01T15:07:51","slug":"chisiamo","status":"publish","type":"page","link":"https:\/\/www.electronicservice.it\/de\/chisiamo\/","title":{"rendered":"\u00dcber uns"},"content":{"rendered":"<div class=\"wpb-content-wrapper\"><p>[vc_row css=&#8220;.vc_custom_1532093827518{margin-bottom: 0px !important;}&#8220;][vc_column css=&#8220;.vc_custom_1532093863160{margin-bottom: 0px !important;}&#8220;][rev_slider_vc alias=&#8220;chi-siamo-ted&#8220;][\/vc_column][\/vc_row][vc_row full_width=&#8220;stretch_row&#8220; content_placement=&#8220;middle&#8220; css=&#8220;.vc_custom_1539772757397{margin-top: 5% !important;padding-top: 0px !important;padding-bottom: 0px !important;background-position: center !important;background-repeat: no-repeat !important;background-size: cover !important;}&#8220;][vc_column css_animation=&#8220;fadeInUp&#8220; width=&#8220;1\/4&#8243; offset=&#8220;vc_hidden-sm vc_hidden-xs&#8220;][vc_single_image image=&#8220;358&#8243; img_size=&#8220;120PX&#8220; alignment=&#8220;center&#8220;][\/vc_column][vc_column css_animation=&#8220;fadeInUp&#8220; width=&#8220;1\/4&#8243;][vc_single_image image=&#8220;47&#8243; img_size=&#8220;&#8220; css_animation=&#8220;fadeInUp&#8220; css=&#8220;.vc_custom_1539772815935{padding-left: 30px !important;}&#8220;][\/vc_column][vc_column css_animation=&#8220;fadeInUp&#8220; width=&#8220;1\/2&#8243; offset=&#8220;vc_hidden-sm vc_hidden-xs&#8220;][vc_column_text]<\/p>\n<p class=\"p1\"><span class=\"s1\">Ausgehend von Schaltkreisen als Grundelement entwickeln wir fortschrittliche elektronische Systeme, die Ihren Produkten Leben einhauchen und <b>Ihrem Unternehmen Wettbewerbsvorteile verschaffen<\/b>. Dazu kommen unser <b>Herzblut<\/b>, die Leidenschaft f\u00fcr unsere Arbeit und h\u00f6chste <b>Pr\u00e4zision<\/b> bis ins kleinste Detail. Seit mehr als 25 Jahren glauben wir an Innovation und an den Wert, den moderne Technologien in jedem Sektor bieten k\u00f6nnen.<\/span><\/p>\n<p>[\/vc_column_text][\/vc_column][\/vc_row][vc_row full_width=&#8220;stretch_row&#8220; content_placement=&#8220;middle&#8220; css=&#8220;.vc_custom_1539766777492{margin-top: 0px !important;padding-top: 2% !important;padding-bottom: 3% !important;background-position: center !important;background-repeat: no-repeat !important;background-size: cover !important;}&#8220;][vc_column css_animation=&#8220;fadeInUp&#8220; offset=&#8220;vc_hidden-lg vc_hidden-md&#8220;][vc_column_text]<\/p>\n<h1 class=\"p1\" style=\"text-align: center;\"><span style=\"color: #ffffff;\"> Gestern, heute und morgen.<br \/>\n<\/span><span style=\"color: #f7cd00;\"> Die Innovation schreitet unaufhaltsam voran. <\/span><\/h1>\n<p>[\/vc_column_text][vc_column_text]<\/p>\n<p style=\"text-align: center;\">Partiamo dalle basi, dai circuiti, e li trasformiamo in avanzati sistemi elettronici, che danno vita ai tuoi prodotti e apportano <strong>vantaggio competitivo alla tua azienda<\/strong>. A questo aggiungiamo il nostro <strong>cuore<\/strong>, la passione in quello che facciamo e l\u2019estrema <strong>precisione<\/strong> in ogni dettaglio, anche quello pi\u00f9 nascosto. Crediamo da pi\u00f9 di 25 anni nell\u2019innovazione e al valore che le moderne tecnologie riescono a conferire in qualunque contesto professionale.<\/p>\n<p>[\/vc_column_text][vc_empty_space height=&#8220;40px&#8220;][vc_row_inner content_placement=&#8220;middle&#8220;][vc_column_inner width=&#8220;1\/2&#8243; offset=&#8220;vc_hidden-lg vc_hidden-md&#8220;][vc_single_image image=&#8220;358&#8243; img_size=&#8220;120PX&#8220; alignment=&#8220;center&#8220;][\/vc_column_inner][vc_column_inner width=&#8220;1\/2&#8243; offset=&#8220;vc_hidden-lg vc_hidden-md&#8220;][vc_single_image image=&#8220;47&#8243; img_size=&#8220;&#8220; alignment=&#8220;center&#8220;][\/vc_column_inner][\/vc_row_inner][\/vc_column][\/vc_row][vc_row full_width=&#8220;stretch_row&#8220; content_placement=&#8220;middle&#8220; css=&#8220;.vc_custom_1539772934651{margin-top: 0px !important;margin-right: 0px !important;margin-bottom: 0px !important;margin-left: 0px !important;padding-top: 0px !important;padding-right: 0px !important;padding-bottom: 0px !important;padding-left: 0px !important;background-position: center !important;background-repeat: no-repeat !important;background-size: cover !important;}&#8220;][vc_column css_animation=&#8220;fadeInUp&#8220; css=&#8220;.vc_custom_1539772946388{margin-right: 0px !important;margin-bottom: 0px !important;margin-left: 0px !important;padding-right: 0px !important;padding-bottom: 0px !important;padding-left: 0px !important;}&#8220;][vc_single_image image=&#8220;805&#8243; img_size=&#8220;full&#8220; alignment=&#8220;center&#8220; css=&#8220;.vc_custom_1542966664823{margin-top: 0px !important;margin-right: 0px !important;margin-bottom: 0px !important;margin-left: 0px !important;padding-top: 0px !important;padding-right: 0px !important;padding-bottom: 0px !important;padding-left: 0px !important;}&#8220;][\/vc_column][\/vc_row][vc_row full_width=&#8220;stretch_row&#8220; content_placement=&#8220;middle&#8220; css=&#8220;.vc_custom_1537347562662{margin-top: 6% !important;padding-top: 5% !important;padding-bottom: 8% !important;background-color: #00253e !important;background-position: 0 0 !important;background-repeat: no-repeat !important;}&#8220;][vc_column css_animation=&#8220;fadeInUp&#8220;][vc_column_text]<\/p>\n<h1 class=\"p1\" style=\"text-align: center;\"><span style=\"color: #ffffff;\"> Gestern, heute und morgen.<br \/>\n<\/span><span style=\"color: #f7cd00;\">Die Innovation schreitet unaufhaltsam voran.<\/span><\/h1>\n<p>[\/vc_column_text][vc_column_text]<\/p>\n<p class=\"p1\" style=\"text-align: center;\"><span style=\"color: #ffffff;\">Seit unserer Gr\u00fcndung im Jahr 1992 arbeiten wir Tag f\u00fcr Tag mit Energie, Hingabe und Leidenschaft. Hin und wieder lief nicht alles nach Plan, aber wir haben nie aufgegeben, sind gewachsen und haben uns entwickelt. Nach nach mehr als 25 Jahren ist unser Wunsch nach Qualit\u00e4t, Innovation und einem ausgezeichneten Angebot heute noch so stark wie damals.<br \/>\n<\/span><\/p>\n<p>[\/vc_column_text][vc_empty_space height=&#8220;40px&#8220;][vc_row_inner][vc_column_inner width=&#8220;1\/2&#8243;][vc_single_image image=&#8220;646&#8243; img_size=&#8220;full&#8220; alignment=&#8220;center&#8220;][\/vc_column_inner][vc_column_inner width=&#8220;1\/2&#8243;][vc_single_image image=&#8220;83&#8243; img_size=&#8220;full&#8220; alignment=&#8220;center&#8220;][\/vc_column_inner][\/vc_row_inner][\/vc_column][\/vc_row][vc_row full_width=&#8220;stretch_row&#8220; css=&#8220;.vc_custom_1539155032782{padding-top: 6% !important;padding-bottom: 80% !important;background-image: url(http:\/\/www.electronicservice.it\/wp-content\/uploads\/2018\/10\/Garda-Lake2.jpg?id=500) !important;background-position: center !important;background-repeat: no-repeat !important;background-size: cover !important;}&#8220;][vc_column css_animation=&#8220;fadeInUp&#8220;][vc_column_text]<\/p>\n<h1 class=\"p1\" style=\"text-align: center;\"><span style=\"color: #ffffff;\">Trentino und Gardasee:<br \/>\nSch\u00f6nheit, die uns jeden Tag begeistert.<\/span><\/h1>\n<p>[\/vc_column_text][vc_column_text css=&#8220;.vc_custom_1542963872725{padding-right: 8% !important;padding-left: 8% !important;}&#8220;]<\/p>\n<p class=\"p1\" style=\"text-align: center;\"><span style=\"color: #ffffff;\">Gute Arbeit profitiert nicht nur von Technik allein, sondern auch von unserer Umgebung: t\u00fcrkisfarbenes Wasser, eine leichte Brise und die Berge des Trentino sind eine nie versiegende Quelle der Energie und Inspiration.<\/span><\/p>\n<p>[\/vc_column_text][\/vc_column][\/vc_row][vc_row full_width=&#8220;stretch_row&#8220; content_placement=&#8220;middle&#8220; css=&#8220;.vc_custom_1532097712892{padding-top: 10px !important;padding-bottom: 30px !important;background-color: #f7cd00 !important;}&#8220;][vc_column css_animation=&#8220;fadeInLeft&#8220; width=&#8220;2\/3&#8243; offset=&#8220;vc_hidden-sm vc_hidden-xs&#8220;][vc_column_text]<\/p>\n<h2 class=\"p1\"><span style=\"color: #ffffff;\">Entwickeln Sie mit uns Ihr elektronisches System.<\/span><\/h2>\n<p>[\/vc_column_text][\/vc_column][vc_column css_animation=&#8220;fadeInRight&#8220; width=&#8220;1\/3&#8243; offset=&#8220;vc_hidden-sm vc_hidden-xs&#8220;][vc_btn title=&#8220;Ein Angebot anfordern&#8220; style=&#8220;custom&#8220; custom_background=&#8220;#00253e&#8220; custom_text=&#8220;#ffffff&#8220; size=&#8220;lg&#8220; link=&#8220;url:http%3A%2F%2Fwww.electronicservice.it%2Fquotazione%2F|||&#8220;][\/vc_column][\/vc_row][vc_row full_width=&#8220;stretch_row&#8220; content_placement=&#8220;middle&#8220; css=&#8220;.vc_custom_1539766361437{padding-bottom: 40px !important;background-color: #f7cd00 !important;}&#8220;][vc_column css_animation=&#8220;fadeInLeft&#8220; offset=&#8220;vc_hidden-lg vc_hidden-md&#8220;][vc_column_text]<\/p>\n<h2 class=\"p1\" style=\"text-align: center;\"><span style=\"color: #ffffff;\">Entwickeln Sie mit uns Ihr elektronisches System.<\/span><\/h2>\n<p>[\/vc_column_text][vc_btn title=&#8220;Ein Angebot anfordern&#8220; style=&#8220;custom&#8220; custom_background=&#8220;#00253e&#8220; custom_text=&#8220;#ffffff&#8220; size=&#8220;lg&#8220; align=&#8220;center&#8220; link=&#8220;url:http%3A%2F%2Fwww.electronicservice.it%2Fquotazione%2F|||&#8220;][\/vc_column][\/vc_row][vc_row full_width=&#8220;stretch_row&#8220; css=&#8220;.vc_custom_1532356486933{padding-top: 4% !important;padding-bottom: 6% !important;background-image: url(http:\/\/www.electronicservice.it\/wp-content\/uploads\/2018\/07\/sfondocontact_scuro.jpg?id=94) !important;background-position: center !important;background-repeat: no-repeat !important;background-size: cover !important;}&#8220;][vc_column css_animation=&#8220;fadeInUp&#8220; offset=&#8220;vc_hidden-sm vc_hidden-xs&#8220;][vc_row_inner][vc_column_inner width=&#8220;1\/4&#8243;][\/vc_column_inner][vc_column_inner el_class=&#8220;footer&#8220; width=&#8220;1\/2&#8243; css=&#8220;.vc_custom_1532336846984{padding-right: 40px !important;padding-left: 40px !important;background-color: #ffffff !important;}&#8220;][vc_column_text]<\/p>\n<h1 class=\"p1\" style=\"text-align: center;\">Brauchen Sie Hilfe?<\/h1>\n<p>[\/vc_column_text][vc_column_text]<\/p>\n<p class=\"p1\" style=\"text-align: center;\">Wenn Sie Fragen oder W\u00fcnsche haben, schreiben Sie uns: Wir werden Ihnen so schnell wie m\u00f6glich antworten.<\/p>\n<p>[\/vc_column_text][vc_empty_space height=&#8220;20px&#8220;]\n<div class=\"wpcf7 no-js\" id=\"wpcf7-f762-o1\" lang=\"it-IT\" dir=\"ltr\" data-wpcf7-id=\"762\">\n<div class=\"screen-reader-response\"><p role=\"status\" aria-live=\"polite\" aria-atomic=\"true\"><\/p> <ul><\/ul><\/div>\n<form action=\"\/de\/wp-json\/wp\/v2\/pages\/769#wpcf7-f762-o1\" method=\"post\" class=\"wpcf7-form init\" aria-label=\"Modulo di contatto\" novalidate=\"novalidate\" data-status=\"init\">\n<fieldset class=\"hidden-fields-container\"><legend class=\"screen-reader-text\">Hidden fields<\/legend><input type=\"hidden\" name=\"_wpcf7\" value=\"762\" \/><input type=\"hidden\" name=\"_wpcf7_version\" value=\"6.1.5\" \/><input type=\"hidden\" name=\"_wpcf7_locale\" value=\"it_IT\" \/><input type=\"hidden\" name=\"_wpcf7_unit_tag\" value=\"wpcf7-f762-o1\" \/><input type=\"hidden\" name=\"_wpcf7_container_post\" value=\"0\" \/><input type=\"hidden\" name=\"_wpcf7_posted_data_hash\" value=\"\" \/><input type=\"hidden\" name=\"_wpcf7_recaptcha_response\" value=\"\" \/>\n<\/fieldset>\n<span class=\"wpcf7-form-control-wrap\" data-name=\"your-name\"><input size=\"40\" maxlength=\"400\" class=\"wpcf7-form-control wpcf7-text\" aria-invalid=\"false\" placeholder=\"Name\" value=\"\" type=\"text\" name=\"your-name\" \/><\/span>\n\n<span class=\"wpcf7-form-control-wrap\" data-name=\"your-mail\"><input size=\"40\" maxlength=\"400\" class=\"wpcf7-form-control wpcf7-text\" aria-invalid=\"false\" placeholder=\"Mail\" value=\"\" type=\"text\" name=\"your-mail\" \/><\/span>\n\n<span class=\"wpcf7-form-control-wrap\" data-name=\"your-message\"><textarea cols=\"40\" rows=\"10\" maxlength=\"2000\" class=\"wpcf7-form-control wpcf7-textarea\" aria-invalid=\"false\" placeholder=\"Wie k\u00f6nnen wir Ihnen behilflich sein?\" name=\"your-message\"><\/textarea><\/span>\n\n<span class=\"wpcf7-form-control-wrap\" data-name=\"acceptance-862\"><span class=\"wpcf7-form-control wpcf7-acceptance\"><span class=\"wpcf7-list-item\"><label><input type=\"checkbox\" name=\"acceptance-862\" value=\"1\" aria-invalid=\"false\" \/><span class=\"wpcf7-list-item-label\">Ich stimme der Verarbeitung meiner personenbezogenen Daten zu. Zur <a href=\"https:\/\/www.electronicservice.it\/wp-content\/uploads\/2018\/11\/informativa-web-contatti_EN.pdf\" target=\"_blank\"> Datenschutzerkl\u00e4rung <\/a><\/span><\/label><\/span><\/span><\/span>\n\n<input class=\"wpcf7-form-control wpcf7-submit has-spinner\" type=\"submit\" value=\"SENDEN\" \/>\n<span id=\"wpcf7-69ea65da466b7-wrapper\" class=\"wpcf7-form-control-wrap your-email-2-wrap\" ><label for=\"wpcf7-69ea65da466b7-field\" class=\"hp-message\">Si prega di lasciare vuoto questo campo.<\/label><input id=\"wpcf7-69ea65da466b7-field\"  class=\"wpcf7-form-control wpcf7-text\" type=\"text\" name=\"your-email-2\" value=\"\" size=\"40\" tabindex=\"-1\" autocomplete=\"new-password\" \/><\/span><div class=\"wpcf7-response-output\" aria-hidden=\"true\"><\/div>\n<\/form>\n<\/div>\n[\/vc_column_inner][vc_column_inner width=&#8220;1\/4&#8243;][\/vc_column_inner][\/vc_row_inner][\/vc_column][\/vc_row][vc_row full_width=&#8220;stretch_row&#8220; css=&#8220;.vc_custom_1542978673958{background-position: center !important;background-repeat: no-repeat !important;background-size: cover !important;}&#8220;][vc_column css_animation=&#8220;fadeInUp&#8220; offset=&#8220;vc_hidden-lg vc_hidden-md&#8220;][vc_row_inner][vc_column_inner width=&#8220;1\/4&#8243;][\/vc_column_inner][vc_column_inner el_class=&#8220;footer&#8220; width=&#8220;1\/2&#8243; css=&#8220;.vc_custom_1532336846984{padding-right: 40px !important;padding-left: 40px !important;background-color: #ffffff !important;}&#8220;][vc_column_text]<\/p>\n<h1 class=\"p1\" style=\"text-align: center;\">Brauchen Sie Hilfe?<\/h1>\n<p>[\/vc_column_text][vc_column_text]<\/p>\n<p class=\"p1\" style=\"text-align: center;\">Se hai qualche richiesta o delle domande da farci, scrivici: sar\u00e0 nostra cura risponderti nel minor tempo possibile.<\/p>\n<p>[\/vc_column_text][vc_empty_space height=&#8220;20px&#8220;]\n<div class=\"wpcf7 no-js\" id=\"wpcf7-f762-o2\" lang=\"it-IT\" dir=\"ltr\" data-wpcf7-id=\"762\">\n<div class=\"screen-reader-response\"><p role=\"status\" aria-live=\"polite\" aria-atomic=\"true\"><\/p> <ul><\/ul><\/div>\n<form action=\"\/de\/wp-json\/wp\/v2\/pages\/769#wpcf7-f762-o2\" method=\"post\" class=\"wpcf7-form init\" aria-label=\"Modulo di contatto\" novalidate=\"novalidate\" data-status=\"init\">\n<fieldset class=\"hidden-fields-container\"><legend class=\"screen-reader-text\">Hidden fields<\/legend><input type=\"hidden\" name=\"_wpcf7\" value=\"762\" \/><input type=\"hidden\" name=\"_wpcf7_version\" value=\"6.1.5\" \/><input type=\"hidden\" name=\"_wpcf7_locale\" value=\"it_IT\" \/><input type=\"hidden\" name=\"_wpcf7_unit_tag\" value=\"wpcf7-f762-o2\" \/><input type=\"hidden\" name=\"_wpcf7_container_post\" value=\"0\" \/><input type=\"hidden\" name=\"_wpcf7_posted_data_hash\" value=\"\" \/><input type=\"hidden\" name=\"_wpcf7_recaptcha_response\" value=\"\" \/>\n<\/fieldset>\n<span class=\"wpcf7-form-control-wrap\" data-name=\"your-name\"><input size=\"40\" maxlength=\"400\" class=\"wpcf7-form-control wpcf7-text\" aria-invalid=\"false\" placeholder=\"Name\" value=\"\" type=\"text\" name=\"your-name\" \/><\/span>\n\n<span class=\"wpcf7-form-control-wrap\" data-name=\"your-mail\"><input size=\"40\" maxlength=\"400\" class=\"wpcf7-form-control wpcf7-text\" aria-invalid=\"false\" placeholder=\"Mail\" value=\"\" type=\"text\" name=\"your-mail\" \/><\/span>\n\n<span class=\"wpcf7-form-control-wrap\" data-name=\"your-message\"><textarea cols=\"40\" rows=\"10\" maxlength=\"2000\" class=\"wpcf7-form-control wpcf7-textarea\" aria-invalid=\"false\" placeholder=\"Wie k\u00f6nnen wir Ihnen behilflich sein?\" name=\"your-message\"><\/textarea><\/span>\n\n<span class=\"wpcf7-form-control-wrap\" data-name=\"acceptance-862\"><span class=\"wpcf7-form-control wpcf7-acceptance\"><span class=\"wpcf7-list-item\"><label><input type=\"checkbox\" name=\"acceptance-862\" value=\"1\" aria-invalid=\"false\" \/><span class=\"wpcf7-list-item-label\">Ich stimme der Verarbeitung meiner personenbezogenen Daten zu. Zur <a href=\"https:\/\/www.electronicservice.it\/wp-content\/uploads\/2018\/11\/informativa-web-contatti_EN.pdf\" target=\"_blank\"> Datenschutzerkl\u00e4rung <\/a><\/span><\/label><\/span><\/span><\/span>\n\n<input class=\"wpcf7-form-control wpcf7-submit has-spinner\" type=\"submit\" value=\"SENDEN\" \/>\n<span id=\"wpcf7-69ea65da4d281-wrapper\" class=\"wpcf7-form-control-wrap your-email-2-wrap\" ><label for=\"wpcf7-69ea65da4d281-field\" class=\"hp-message\">Si prega di lasciare vuoto questo campo.<\/label><input id=\"wpcf7-69ea65da4d281-field\"  class=\"wpcf7-form-control wpcf7-text\" type=\"text\" name=\"your-email-2\" value=\"\" size=\"40\" tabindex=\"-1\" autocomplete=\"new-password\" \/><\/span><div class=\"wpcf7-response-output\" aria-hidden=\"true\"><\/div>\n<\/form>\n<\/div>\n[\/vc_column_inner][vc_column_inner width=&#8220;1\/4&#8243;][\/vc_column_inner][\/vc_row_inner][\/vc_column][\/vc_row]<\/p>\n<\/div>","protected":false},"excerpt":{"rendered":"<p>[vc_row css=&#8220;.vc_custom_1532093827518{margin-bottom: 0px !important;}&#8220;][vc_column css=&#8220;.vc_custom_1532093863160{margin-bottom: 0px !important;}&#8220;][rev_slider_vc alias=&#8220;chi-siamo-ted&#8220;][\/vc_column][\/vc_row][vc_row full_width=&#8220;stretch_row&#8220; content_placement=&#8220;middle&#8220; css=&#8220;.vc_custom_1539772757397{margin-top: 5% !important;padding-top: 0px !important;padding-bottom: 0px !important;background-position: center !important;background-repeat: no-repeat&#8230;<\/p>\n","protected":false},"author":1,"featured_media":0,"parent":0,"menu_order":0,"comment_status":"closed","ping_status":"closed","template":"","meta":{"footnotes":""},"class_list":["post-769","page","type-page","status-publish"],"jetpack_sharing_enabled":true,"_links":{"self":[{"href":"https:\/\/www.electronicservice.it\/de\/wp-json\/wp\/v2\/pages\/769","targetHints":{"allow":["GET"]}}],"collection":[{"href":"https:\/\/www.electronicservice.it\/de\/wp-json\/wp\/v2\/pages"}],"about":[{"href":"https:\/\/www.electronicservice.it\/de\/wp-json\/wp\/v2\/types\/page"}],"author":[{"embeddable":true,"href":"https:\/\/www.electronicservice.it\/de\/wp-json\/wp\/v2\/users\/1"}],"replies":[{"embeddable":true,"href":"https:\/\/www.electronicservice.it\/de\/wp-json\/wp\/v2\/comments?post=769"}],"version-history":[{"count":8,"href":"https:\/\/www.electronicservice.it\/de\/wp-json\/wp\/v2\/pages\/769\/revisions"}],"predecessor-version":[{"id":949,"href":"https:\/\/www.electronicservice.it\/de\/wp-json\/wp\/v2\/pages\/769\/revisions\/949"}],"wp:attachment":[{"href":"https:\/\/www.electronicservice.it\/de\/wp-json\/wp\/v2\/media?parent=769"}],"curies":[{"name":"wp","href":"https:\/\/api.w.org\/{rel}","templated":true}]}}